{"id":89184,"date":"2021-09-06T11:24:23","date_gmt":"2021-09-06T09:24:23","guid":{"rendered":"https:\/\/www.magnanipescia.it\/cookies\/"},"modified":"2021-09-06T11:24:23","modified_gmt":"2021-09-06T09:24:23","slug":"cookies","status":"publish","type":"page","link":"https:\/\/www.magnanipescia.it\/en\/cookies\/","title":{"rendered":"Cookies"},"content":{"rendered":"<p>La Sua privacy \u00e8 importante.<br \/>\nUtilizziamo i cookie per offrirle una migliore esperienza digitale, per migliorare il supporto clienti e per evitare di inviarti comunicazioni indesiderate.<\/p>\n<p>1. <strong>COS\u2019E UN COOKIE? <\/strong><\/p>\n<p>Il cookie \u00e8 un file di testo che viene memorizzato sul dispositivo (PC, Notebook, Smartphone, Tablet) dell&#8217;utente, e permette di riconoscerlo anche in momenti successivi. Questa funzionalit\u00e0 viene utilizzata per ricordare le sessioni e a scopi statistici e di pubblicit\u00e0. I primi sono considerati cookie tecnici, i secondi sono cookie di profilazione. Il cookie pu\u00f2 essere memorizzato soltanto se le impostazioni del browser lo consentono, di default quasi tutti i browser sono impostati per accettarli automaticamente.<br \/>\nImpresa Sociale Magnani Pescia S.r.l. (&#8221; <strong>EMP<\/strong>&#8220;) utilizza per il sito https:\/\/www.magnanipescia.it\/ (il &#8221; <strong>Sito<\/strong>&#8220;) diverse tipologie di cookies elencate di seguito. Si precisa che accanto a ciascuna tipologia \u00e8 specificato il periodo durante il quale i dati rimarranno salvati ed \u00e8 data la possibilit\u00e0 di disattivarli direttamente. Seguono le istruzioni per attivarne o disattivarne la raccolta, a seconda del browser utilizzato.<\/p>\n<p>2. <strong>PERCHE\u2019 UTILIZZIAMO I COOKIE?<\/strong><\/p>\n<p>Utilizziamo i cookie per facilitare e migliorare la Sua esperienza di navigazione (cookie tecnici) e per raccogliere statistiche sugli accessi (cookie analitici).<\/p>\n<p>3. <strong>QUALI COOKIE VENGONO UTILIZZATI?<\/strong><\/p>\n<p><strong>Tipologie di cookie utilizzate dai Siti<\/strong><\/p>\n<p><strong>Cookie tecnici di navigazione o sessione<\/strong> e strettamente necessari per il funzionamento dei Siti o per consentirle di usufruire dei contenuti e dei servizi richiesti.<\/p>\n<p><strong>Cookie di funzionalit\u00e0<\/strong>, cio\u00e8 utilizzati per attivare specifiche funzionalit\u00e0 dei Siti e una serie di criteri selezionati (ad esempio, la lingua) al fine di migliorare il servizio reso.<\/p>\n<p><strong>Cookie tecnici-analytics<\/strong>, che consentono di comprendere come i Siti vengano utilizzati dagli utenti. Con questi cookie non vengono raccolte informazioni sull\u2019identit\u00e0 dell\u2019utente, n\u00e9 alcun dato personale. Le informazioni sono trattate in forma aggregata e anonima.<br \/>\n<strong>ATTENZIONE:<\/strong> disabilitando i cookie tecnici e\/o di funzionalit\u00e0 i Siti potrebbero risultare non consultabili o alcuni servizi o determinate funzioni dei Siti potrebbero risultare non disponibili o non funzionare correttamente e potrebbe essere costretto a modificare o a inserire manualmente alcune informazioni o preferenze ogni volta che visiter\u00e0 i Siti.<\/p>\n<p><strong>Cookie di terze parti<\/strong>, cio\u00e8 cookie di siti o di web server diversi da quello di EMP utilizzati per finalit\u00e0 proprie di dette parti terze. Si precisa che tali soggetti terzi, come nel seguito specificati con i relativi collegamenti alle politiche sulla privacy, sono tipicamente autonomi titolari del trattamento dei dati raccolti attraverso i cookie da essi serviti; pertanto, dovr\u00e0 fare riferimento alle loro politiche di trattamento di Dati Personali, informative e moduli di consenso (selezione e de-selezione dei rispettivi cookie), indicati ai link riportati nel seguito (come precisato nel Provvedimento Generale Individuazione delle modalit\u00e0 semplificate per l\u2019informativa e l\u2019acquisizione del consenso per l\u2019uso dei cookie \u2013 8 maggio 2014).<\/p>\n<p><strong><br \/>\n<em> a. <\/em><\/strong><strong><em>Cookies tecnici:<\/em><br \/>\n<\/strong><\/p>\n<p><strong><br \/>\n<em>Cookie tecnici di WordPress<\/em><br \/>\n<\/strong><\/p>\n<p>Sui SitI utilizziamo i cookie tecnici della piattaforma WordPress impiegata per realizzare il sito. I cookie di WordPress sono utilizzati per le procedure di autenticazione degli Utenti e le funzionalit\u00e0 dell&#8217;e-commerce:<\/p>\n<table border=\"1\" width=\"793\" cellspacing=\"0\" cellpadding=\"0\">\n<tbody>\n<tr>\n<td width=\"510\"><strong>Nome<\/strong><\/td>\n<td width=\"284\"><strong>Conservazione<\/strong><\/td>\n<\/tr>\n<tr>\n<td width=\"510\">PrestaShop-a0c94c2bb09ee4d77c898bb8d1be5236<\/td>\n<td width=\"284\">20 giorni<\/td>\n<\/tr>\n<tr>\n<td width=\"510\">PrestaShop-71995b3ad403e5e465a5574eb1819fd1<\/td>\n<td width=\"284\">20 giorni<\/td>\n<\/tr>\n<tr>\n<td width=\"510\">PrestaShop-650aaea44a94d9302374cb7a508ca4c5<\/td>\n<td width=\"284\">20 giorni<\/td>\n<\/tr>\n<\/tbody>\n<\/table>\n<p><strong><br \/>\n<em>Cookie tecnici di Plugin di WordPress<\/em><br \/>\n<\/strong><\/p>\n<table border=\"1\" width=\"793\" cellspacing=\"0\" cellpadding=\"0\">\n<tbody>\n<tr>\n<td width=\"191\"><strong>Nome<\/strong><\/td>\n<td width=\"213\"><strong>Conservazione<\/strong><\/td>\n<td width=\"390\"><strong>Funzione<\/strong><\/td>\n<\/tr>\n<tr>\n<td width=\"191\">Cookie_ue<\/td>\n<td width=\"213\">1 anno<\/td>\n<td valign=\"top\" width=\"390\">Il cookie indica se l&#8217;utente ha cliccato su &#8220;OK&#8221; nell&#8217; &#8220;informativa breve sui cookies&#8221;<\/td>\n<\/tr>\n<\/tbody>\n<\/table>\n<p>Questi cookies sono utilizzati al solo fine di consentire una migliore navigazione all&#8217;interno dei Siti.<\/p>\n<p><strong><br \/>\n<em>b. Cookies analitici anonimizzati<\/em><\/strong><\/p>\n<p>Questi cookies sono utilizzati (ad esempio da Google Analytics) per elaborare analisi statistiche sulle modalit\u00e0 di navigazione degli utenti sui Siti attraverso i computer o i dispositivi mobile, sul numero di pagine visitate o il numero di click effettuati su una pagina durante la navigazione del Sito. EMP tratta i risultati di queste analisi in maniera anonima ed esclusivamente per finalit\u00e0 statistiche. La disattivazione di tali cookie pu\u00f2 essere eseguita senza alcuna perdita di funzionalit\u00e0.<br \/>\nLa gestione delle informazioni raccolte da terze parti \u00e8 disciplinata dalle relative informative, a cui si prega di fare riferimento. Per garantire una maggiore trasparenza e comodit\u00e0, si riportano qui di seguito gli indirizzi web delle diverse informative relative all&#8217;utilizzo dei cookies:<\/p>\n<table border=\"1\" width=\"770\" cellspacing=\"0\" cellpadding=\"0\">\n<tbody>\n<tr>\n<td width=\"156\">\n<p align=\"center\"><strong>Tipologia<\/strong><\/p>\n<\/td>\n<td width=\"130\">\n<p align=\"center\"><strong>Nome<\/strong><\/p>\n<\/td>\n<td width=\"142\">\n<p align=\"center\"><strong>Conservazione<\/strong><\/p>\n<\/td>\n<td width=\"343\">\n<p align=\"center\"><strong>Funzione<\/strong><\/p>\n<\/td>\n<\/tr>\n<tr>\n<td width=\"156\">Google Analytics<\/td>\n<td width=\"130\">_utma<\/td>\n<td width=\"142\">2 anni dall\u2019impostazione \/aggiornamento<\/td>\n<td width=\"343\">Questi cookie sono utilizzati da Google Analytics per raccogliere informazioni sull&#8217;uso del sito da parte degli Utenti come ad esempio l&#8217;inizio e la fine di una sessione di navigazione, quali pagine sono visitate, il numero delle visite, la durata delle visite, la durata di permanenza sulla pagina, la provenienza da cui gli utenti raggiungono il sito.<\/td>\n<\/tr>\n<tr>\n<td width=\"156\">Google Analytics<\/td>\n<td width=\"130\">_utmb<\/td>\n<td width=\"142\">30 minuti dall\u2019impostazione \/aggiornamento<\/td>\n<td width=\"343\">Utilizzato per determinare nuove sessioni \/ visite. Il cookie viene creato quando viene eseguita la libreria javascript e non esistono cookie __utmb esistenti. Il cookie viene aggiornato ogni volta che i dati vengono inviati a Google Analytics.<\/td>\n<\/tr>\n<tr>\n<td width=\"156\">Google Analytics<\/td>\n<td width=\"130\">_utmc<\/td>\n<td width=\"142\">Fine della sessione<\/td>\n<td width=\"343\">Non utilizzato in ga.js. Impostato per l&#8217;interoperabilit\u00e0 con urchin.js.<\/td>\n<\/tr>\n<tr>\n<td width=\"156\">Google Analytics<\/td>\n<td width=\"130\">_utmt<\/td>\n<td width=\"142\">10 minuti<\/td>\n<td width=\"343\">Utilizzato per limitare la velocit\u00e0 di richiesta.<\/td>\n<\/tr>\n<tr>\n<td width=\"156\">Google Analytics<\/td>\n<td width=\"130\">_utmz<\/td>\n<td width=\"142\">6 mesi dall\u2019impostazione \/aggiornamento<\/td>\n<td width=\"343\">Memorizza la sorgente di traffico o la campagna che spiega in che modo l&#8217;utente ha raggiunto il tuo sito. Il cookie viene creato quando la libreria javascript viene eseguita e viene aggiornata ogni volta che i dati vengono inviati a Google Analytics.<\/td>\n<\/tr>\n<tr>\n<td width=\"156\">Google Analytics<\/td>\n<td width=\"130\">_utmv<\/td>\n<td width=\"142\">2 anni dall\u2019impostazione \/aggiornamento<\/td>\n<td width=\"343\">Utilizzato per memorizzare dati variabili personalizzati a livello di visitatore. Questo cookie viene creato quando uno sviluppatore utilizza il metodo _setCustomVar con una variabile personalizzata a livello di visitatore. Questo cookie \u00e8 stato utilizzato anche per il metodo _setVar deprecato. Il cookie viene aggiornato ogni volta che i dati vengono inviati a Google Analytics.<\/td>\n<\/tr>\n<tr>\n<td width=\"156\">Google Analytics<\/td>\n<td width=\"130\">_ga<\/td>\n<td width=\"142\">2 anni<\/td>\n<td width=\"343\">Utilizzato per distinguere gli utenti<\/td>\n<\/tr>\n<\/tbody>\n<\/table>\n<p>&nbsp;<\/p>\n<p><strong>c. Cookies di profilazione di terze parti<\/strong><\/p>\n<p>EMP non utilizza cookies di profilazione di terze parti.<\/p>\n<p>&nbsp;<\/p>\n<p><strong>d. Cookies di profilazione propri<\/strong><\/p>\n<p>Si tratta di cookies utilizzati per identificare (in modo anonimo e non) le preferenze dell&#8217;utente. EMP non utilizza cookies di profilazione propri.<\/p>\n<p>4. <strong>POSSO DISABILITARE I COOKIE?<\/strong><\/p>\n<p>Ogni utente pu\u00f2 decidere liberamente se installare i nostri cookies sul suo hard disk o ricevere un avviso a schermo per ogni cookie (singolarmente considerato) e quindi decidere di volta in volta se installarlo o meno. Per avere maggiori informazioni su come impostare le preferenze sull\u2019uso dei cookie attraverso il proprio browser di navigazione, \u00e8 possibile consultare le relative istruzioni:<\/p>\n<ul type=\"disc\">\n<li><a href=\"http:\/\/windows.microsoft.com\/it-it\/windows-vista\/block-or-allow-cookies\" target=\"_blank\" rel=\"noopener\">Internet Explorer<\/a><\/li>\n<li><a href=\"https:\/\/support.mozilla.org\/it\/kb\/Attivare%20e%20disattivare%20i%20cookie\" target=\"_blank\" rel=\"noopener\">Firefox<\/a><\/li>\n<li><a href=\"https:\/\/support.google.com\/chrome\/answer\/95647?hl=it&amp;topic=14666&amp;ctx=topic\" target=\"_blank\" rel=\"noopener\">Chrome<\/a><\/li>\n<li><a href=\"https:\/\/support.apple.com\/kb\/PH21411?viewlocale=en_US&amp;locale=en_US\" target=\"_blank\" rel=\"noopener\">Safari<\/a><\/li>\n<\/ul>\n<p>Con specifico riferimento al cookie Google Analytics, \u00e8 possibile installare un apposito add-on per disabilitarlo, dal seguente indirizzo: <a href=\"https:\/\/tools.google.com\/dlpage\/gaoptout\" target=\"_blank\" rel=\"noopener\">https:\/\/tools.google.com\/dlpage\/gaoptout<\/a>.<br \/>\nNel caso in cui l\u2019utente decida di configurare il browser in modo da rifiutare tutti i cookies oppure rifiutare i cookies essenziali del nostro Sito, potrebbe avere problemi durante la navigazione.<br \/>\nL\u2019utente pu\u00f2 revocare in qualsiasi momento il consenso all\u2019utilizzo dei cookies di questo Sito tramite le opzioni di configurazione del suo browser (indicate in precedenza) e di privacy contenute nel Sito. Per qualsiasi chiarimento in merito alla nostra Policy sui cookies pu\u00f2 scrivere a <a href=\"mailto:info@magnanipescia.it\">info@magnanipescia.it<\/a>.<\/p>\n<p><strong>5. CONFERIMENTO DEI DATI<\/strong><\/p>\n<p>Ad eccezione dei cookies tecnici, strettamente necessari alla normale navigazione, il conferimento dei dati \u00e8 rimesso alla volont\u00e0 dell&#8217;interessato che decida di navigare sui Siti dopo aver preso visione dell&#8217;informativa breve contenuta nell&#8217;apposito banner e di usufruire dei servizi che comportano l&#8217;installazione di cookies. L&#8217;interessato pu\u00f2, quindi, evitare l&#8217;installazione dei cookies attraverso le apposite funzioni messe a disposizione o attraverso il proprio browser.<br \/>\nI dati non saranno oggetto di diffusione, n\u00e9 saranno trasferiti al di fuori dell&#8217;Unione Europea.<\/p>\n<p><strong>6. DATI IDENTIFICATIVI DEL TITOLARE DEI DATI PERSONALI<\/strong><\/p>\n<p>Il titolare del trattamento \u00e8 Impresa Sociale Magnani Pescia S.r.l. con sede legale in Piazza della Croce 1 &#8211; 51017 Pietrabuona &#8211; Pescia (PT), ed \u00e8 contattabile all\u2019indirizzo <a href=\"mailto:info@magnanipescia.it\">info@magnanipescia.it<\/a><\/p>\n","protected":false},"excerpt":{"rendered":"<p>La Sua privacy \u00e8 importante. Utilizziamo i cookie per offrirle una migliore esperienza digitale, per migliorare il supporto clienti e [&hellip;]<\/p>\n","protected":false},"author":1,"featured_media":0,"parent":0,"menu_order":99,"comment_status":"closed","ping_status":"open","template":"","meta":{"footnotes":""},"class_list":["post-89184","page","type-page","status-publish","hentry","page_category-magnani-en"],"yoast_head":"<!-- This site is optimized with the Yoast SEO plugin v23.9 - https:\/\/yoast.com\/wordpress\/plugins\/seo\/ -->\n<title>Cookies - Enrico Magnani Pescia<\/title>\n<meta name=\"robots\" content=\"index, follow, max-snippet:-1, max-image-preview:large, max-video-preview:-1\" \/>\n<link rel=\"canonical\" href=\"https:\/\/www.magnanipescia.it\/cookies\/\" \/>\n<meta property=\"og:locale\" content=\"en_US\" \/>\n<meta property=\"og:type\" content=\"article\" \/>\n<meta property=\"og:title\" content=\"Cookies - Enrico Magnani Pescia\" \/>\n<meta property=\"og:description\" content=\"La Sua privacy \u00e8 importante. Utilizziamo i cookie per offrirle una migliore esperienza digitale, per migliorare il supporto clienti e [&hellip;]\" \/>\n<meta property=\"og:url\" content=\"https:\/\/www.magnanipescia.it\/cookies\/\" \/>\n<meta property=\"og:site_name\" content=\"Enrico Magnani Pescia\" \/>\n<meta name=\"twitter:card\" content=\"summary_large_image\" \/>\n<meta name=\"twitter:label1\" content=\"Est. reading time\" \/>\n\t<meta name=\"twitter:data1\" content=\"6 minutes\" \/>\n<script type=\"application\/ld+json\" class=\"yoast-schema-graph\">{\"@context\":\"https:\/\/schema.org\",\"@graph\":[{\"@type\":\"WebPage\",\"@id\":\"https:\/\/www.magnanipescia.it\/cookies\/\",\"url\":\"https:\/\/www.magnanipescia.it\/cookies\/\",\"name\":\"Cookies - Enrico Magnani Pescia\",\"isPartOf\":{\"@id\":\"https:\/\/www.magnanipescia.it\/#website\"},\"datePublished\":\"2021-09-06T09:24:23+00:00\",\"dateModified\":\"2021-09-06T09:24:23+00:00\",\"breadcrumb\":{\"@id\":\"https:\/\/www.magnanipescia.it\/cookies\/#breadcrumb\"},\"inLanguage\":\"en-US\",\"potentialAction\":[{\"@type\":\"ReadAction\",\"target\":[\"https:\/\/www.magnanipescia.it\/cookies\/\"]}]},{\"@type\":\"BreadcrumbList\",\"@id\":\"https:\/\/www.magnanipescia.it\/cookies\/#breadcrumb\",\"itemListElement\":[{\"@type\":\"ListItem\",\"position\":1,\"name\":\"Home\",\"item\":\"https:\/\/www.magnanipescia.it\/en\/\"},{\"@type\":\"ListItem\",\"position\":2,\"name\":\"Cookies\"}]},{\"@type\":\"WebSite\",\"@id\":\"https:\/\/www.magnanipescia.it\/#website\",\"url\":\"https:\/\/www.magnanipescia.it\/\",\"name\":\"Enrico Magnani Pescia\",\"description\":\"La carta fatta a mano in Italia dal 1481\",\"publisher\":{\"@id\":\"https:\/\/www.magnanipescia.it\/#organization\"},\"potentialAction\":[{\"@type\":\"SearchAction\",\"target\":{\"@type\":\"EntryPoint\",\"urlTemplate\":\"https:\/\/www.magnanipescia.it\/?s={search_term_string}\"},\"query-input\":{\"@type\":\"PropertyValueSpecification\",\"valueRequired\":true,\"valueName\":\"search_term_string\"}}],\"inLanguage\":\"en-US\"},{\"@type\":\"Organization\",\"@id\":\"https:\/\/www.magnanipescia.it\/#organization\",\"name\":\"Enrico Magnani Pescia\",\"url\":\"https:\/\/www.magnanipescia.it\/\",\"logo\":{\"@type\":\"ImageObject\",\"inLanguage\":\"en-US\",\"@id\":\"https:\/\/www.magnanipescia.it\/#\/schema\/logo\/image\/\",\"url\":\"https:\/\/www.magnanipescia.it\/wp-content\/uploads\/2021\/07\/logo-magnani-pescia.jpg\",\"contentUrl\":\"https:\/\/www.magnanipescia.it\/wp-content\/uploads\/2021\/07\/logo-magnani-pescia.jpg\",\"width\":180,\"height\":78,\"caption\":\"Enrico Magnani Pescia\"},\"image\":{\"@id\":\"https:\/\/www.magnanipescia.it\/#\/schema\/logo\/image\/\"}}]}<\/script>\n<!-- \/ Yoast SEO plugin. -->","yoast_head_json":{"title":"Cookies - Enrico Magnani Pescia","robots":{"index":"index","follow":"follow","max-snippet":"max-snippet:-1","max-image-preview":"max-image-preview:large","max-video-preview":"max-video-preview:-1"},"canonical":"https:\/\/www.magnanipescia.it\/cookies\/","og_locale":"en_US","og_type":"article","og_title":"Cookies - Enrico Magnani Pescia","og_description":"La Sua privacy \u00e8 importante. Utilizziamo i cookie per offrirle una migliore esperienza digitale, per migliorare il supporto clienti e [&hellip;]","og_url":"https:\/\/www.magnanipescia.it\/cookies\/","og_site_name":"Enrico Magnani Pescia","twitter_card":"summary_large_image","twitter_misc":{"Est. reading time":"6 minutes"},"schema":{"@context":"https:\/\/schema.org","@graph":[{"@type":"WebPage","@id":"https:\/\/www.magnanipescia.it\/cookies\/","url":"https:\/\/www.magnanipescia.it\/cookies\/","name":"Cookies - Enrico Magnani Pescia","isPartOf":{"@id":"https:\/\/www.magnanipescia.it\/#website"},"datePublished":"2021-09-06T09:24:23+00:00","dateModified":"2021-09-06T09:24:23+00:00","breadcrumb":{"@id":"https:\/\/www.magnanipescia.it\/cookies\/#breadcrumb"},"inLanguage":"en-US","potentialAction":[{"@type":"ReadAction","target":["https:\/\/www.magnanipescia.it\/cookies\/"]}]},{"@type":"BreadcrumbList","@id":"https:\/\/www.magnanipescia.it\/cookies\/#breadcrumb","itemListElement":[{"@type":"ListItem","position":1,"name":"Home","item":"https:\/\/www.magnanipescia.it\/en\/"},{"@type":"ListItem","position":2,"name":"Cookies"}]},{"@type":"WebSite","@id":"https:\/\/www.magnanipescia.it\/#website","url":"https:\/\/www.magnanipescia.it\/","name":"Enrico Magnani Pescia","description":"La carta fatta a mano in Italia dal 1481","publisher":{"@id":"https:\/\/www.magnanipescia.it\/#organization"},"potentialAction":[{"@type":"SearchAction","target":{"@type":"EntryPoint","urlTemplate":"https:\/\/www.magnanipescia.it\/?s={search_term_string}"},"query-input":{"@type":"PropertyValueSpecification","valueRequired":true,"valueName":"search_term_string"}}],"inLanguage":"en-US"},{"@type":"Organization","@id":"https:\/\/www.magnanipescia.it\/#organization","name":"Enrico Magnani Pescia","url":"https:\/\/www.magnanipescia.it\/","logo":{"@type":"ImageObject","inLanguage":"en-US","@id":"https:\/\/www.magnanipescia.it\/#\/schema\/logo\/image\/","url":"https:\/\/www.magnanipescia.it\/wp-content\/uploads\/2021\/07\/logo-magnani-pescia.jpg","contentUrl":"https:\/\/www.magnanipescia.it\/wp-content\/uploads\/2021\/07\/logo-magnani-pescia.jpg","width":180,"height":78,"caption":"Enrico Magnani Pescia"},"image":{"@id":"https:\/\/www.magnanipescia.it\/#\/schema\/logo\/image\/"}}]}},"_links":{"self":[{"href":"https:\/\/www.magnanipescia.it\/en\/wp-json\/wp\/v2\/pages\/89184","targetHints":{"allow":["GET"]}}],"collection":[{"href":"https:\/\/www.magnanipescia.it\/en\/wp-json\/wp\/v2\/pages"}],"about":[{"href":"https:\/\/www.magnanipescia.it\/en\/wp-json\/wp\/v2\/types\/page"}],"author":[{"embeddable":true,"href":"https:\/\/www.magnanipescia.it\/en\/wp-json\/wp\/v2\/users\/1"}],"replies":[{"embeddable":true,"href":"https:\/\/www.magnanipescia.it\/en\/wp-json\/wp\/v2\/comments?post=89184"}],"version-history":[{"count":0,"href":"https:\/\/www.magnanipescia.it\/en\/wp-json\/wp\/v2\/pages\/89184\/revisions"}],"wp:attachment":[{"href":"https:\/\/www.magnanipescia.it\/en\/wp-json\/wp\/v2\/media?parent=89184"}],"curies":[{"name":"wp","href":"https:\/\/api.w.org\/{rel}","templated":true}]}}