{"id":89186,"date":"2021-09-06T11:24:52","date_gmt":"2021-09-06T09:24:52","guid":{"rendered":"https:\/\/www.magnanipescia.it\/resi\/"},"modified":"2021-09-06T12:57:50","modified_gmt":"2021-09-06T10:57:50","slug":"returns","status":"publish","type":"page","link":"https:\/\/www.magnanipescia.it\/en\/returns\/","title":{"rendered":"Returns"},"content":{"rendered":"<p>Il Cliente pu\u00f2 recedere dal Contratto concluso ed eseguito ai sensi delle presenti Condizioni, senza alcuna penalit\u00e0 e senza specificarne i motivi, qualora non trovi il prodotto di suo gradimento, comunicando tale volont\u00e0 alla societ\u00e0 Impresa Sociale Magnani Pescia S.r.l. (in seguito EMP) sito in Piazza della Croce 1 &#8211; 51017 Pietrabuona &#8211; Pescia (PT), a mezzo lettera raccomandata A.R., spedita entro 10 (dieci) giorni lavorativi dalla data di consegna dei Prodotti, oppure a mezzo telegramma o fax spediti entro lo stesso termine, purch\u00e9 confermati con raccomandata A.R. spedita entro le successive 48 ore, oppure a mezzo email all&#8217;indirizzo info@magnanipescia.it.<br \/>\nEMP provveder\u00e0 ad emettere idonea autorizzazione di reso tramite e-mail. Il Cliente, previa autorizzazione di EMP, dovr\u00e0 provvedere a proprie spese alla restituzione dei Prodotti acquistati, che dovranno pervenire, entro 10 (dieci) giorni dalla data della consegna, presso l&#8217;indirizzo del Magazzino EMP mittente, rilevabile dal Documento di trasporto (DDT) inserito all&#8217;interno del pacco spedito.<br \/>\nIl diritto di recesso s&#8217;intender\u00e0 esercitato correttamente quando siano state interamente rispettate le seguenti condizioni:<\/p>\n<p>&#8211; sia stato comunicato nei modi e tempi previsti;<br \/>\n&#8211; i Prodotti siano stati resi nei modi e tempi previsti;<br \/>\n&#8211; i Prodotti resi siano integri e non siano stati utilizzati, indossati, lavati o danneggiati;<br \/>\n&#8211; i Prodotti siano restituiti nella loro confezione originale e muniti dei cartellini e codici identificativi;<br \/>\n&#8211; i Prodotti resi siano inviati al magazzino EMP emittente (Piazza della Croce, 1 &#8211; 51017 Pietrabuona &#8211; Pescia PT) in una sola spedizione;<br \/>\n&#8211; non verranno accettati articoli di uno stesso ordine resi separatamente od in momenti diversi;<br \/>\n&#8211; non saranno accettati resi per articoli personalizzati.<\/p>\n<p>EMP, dopo aver ricevuto il reso ed aver verificato il rispetto delle condizioni sopra elencate, invier\u00e0 una e-mail di conferma del reso e provveder\u00e0 al rimborso di quanto versato dal Cliente per l&#8217;acquisto dei Prodotti entro 30 (trenta) giorni dal ricevimento della comunicazione del recesso, versando l&#8217;importo sulla carta di credito del cliente con data valuta di riaccredito identica a quella dell&#8217;addebito. Le spese di spedizione per la consegna in origine dei Prodotti acquistati, cos\u00ec come quelle relative alla loro restituzione, non saranno rimborsate. Qualora non vi sia corrispondenza tra il destinatario dei Prodotti indicato nel modulo d&#8217;ordine e chi ha eseguito il pagamento delle somme dovute per il loro acquisto, il rimborso delle somme, in caso di esercizio del diritto di recesso, sar\u00e0 eseguito in ogni caso nei confronti di chi ha effettuato il pagamento e pertanto sulla carta di credito addebitata.<br \/>\nResta inteso che i rischi del trasporto per la restituzione dei Prodotti sono integralmente a carico del Cliente. EMP accetter\u00e0 la merce resa riservandosi di verificare che i prodotti siano stati riconsegnati nel rispetto delle condizioni sopra indicate. In particolare l&#8217;involucro originale del prodotto dovr\u00e0 essere debitamente rivestito con altro imballo protettivo al fine di conservarne l&#8217;integrit\u00e0 e proteggerlo anche da scritte o da etichette apposte dallo spedizioniere incaricato del trasporto o da terzi. Il diritto di recesso decade nella sua interezza in caso di riconsegna dei Prodotti oltre il predetto termine, ovvero senza il rispetto di tutte le condizioni sopra indicate. In tal caso EMP avr\u00e0 facolt\u00e0 di trattenere le somme pagate dal cliente per l&#8217;acquisto dei Prodotti, provvedendo a restituire gli stessi al cliente a spese di quest&#8217;ultimo, ovvero trattenere i Prodotti resi e provvedere al rimborso del prezzo, dedotte tutte le spese sostenute ed i danni subiti in ragione del ritardo nella restituzione, ovvero del danneggiamento dei Prodotti.<br \/>\nSull&#8217;imballo del prodotto dovr\u00e0 essere indicato:<br \/>\n&#8211; il mittente (nome e cognome)<br \/>\n&#8211; la dicitura &#8220;Recesso E-Shop&#8221;<br \/>\nVerranno accettate solo le spedizioni dei recessi indirizzate al Magazzino EMP mittente.<\/p>\n<p><strong>I prodotti personalizzati a discrezione del Cliente, non potranno essere sostituiti.<\/strong><\/p>\n","protected":false},"excerpt":{"rendered":"<p>Il Cliente pu\u00f2 recedere dal Contratto concluso ed eseguito ai sensi delle presenti Condizioni, senza alcuna penalit\u00e0 e senza specificarne [&hellip;]<\/p>\n","protected":false},"author":1,"featured_media":0,"parent":0,"menu_order":99,"comment_status":"closed","ping_status":"open","template":"","meta":{"footnotes":""},"class_list":["post-89186","page","type-page","status-publish","hentry","page_category-magnani-en"],"yoast_head":"<!-- This site is optimized with the Yoast SEO plugin v23.9 - https:\/\/yoast.com\/wordpress\/plugins\/seo\/ -->\n<title>Returns - Enrico Magnani Pescia<\/title>\n<meta name=\"robots\" content=\"index, follow, max-snippet:-1, max-image-preview:large, max-video-preview:-1\" \/>\n<link rel=\"canonical\" href=\"https:\/\/www.magnanipescia.it\/resi\/\" \/>\n<meta property=\"og:locale\" content=\"en_US\" \/>\n<meta property=\"og:type\" content=\"article\" \/>\n<meta property=\"og:title\" content=\"Returns - Enrico Magnani Pescia\" \/>\n<meta property=\"og:description\" content=\"Il Cliente pu\u00f2 recedere dal Contratto concluso ed eseguito ai sensi delle presenti Condizioni, senza alcuna penalit\u00e0 e senza specificarne [&hellip;]\" \/>\n<meta property=\"og:url\" content=\"https:\/\/www.magnanipescia.it\/resi\/\" \/>\n<meta property=\"og:site_name\" content=\"Enrico Magnani Pescia\" \/>\n<meta property=\"article:modified_time\" content=\"2021-09-06T10:57:50+00:00\" \/>\n<meta name=\"twitter:card\" content=\"summary_large_image\" \/>\n<meta name=\"twitter:label1\" content=\"Est. reading time\" \/>\n\t<meta name=\"twitter:data1\" content=\"3 minutes\" \/>\n<script type=\"application\/ld+json\" class=\"yoast-schema-graph\">{\"@context\":\"https:\/\/schema.org\",\"@graph\":[{\"@type\":\"WebPage\",\"@id\":\"https:\/\/www.magnanipescia.it\/resi\/\",\"url\":\"https:\/\/www.magnanipescia.it\/resi\/\",\"name\":\"Returns - Enrico Magnani Pescia\",\"isPartOf\":{\"@id\":\"https:\/\/www.magnanipescia.it\/#website\"},\"datePublished\":\"2021-09-06T09:24:52+00:00\",\"dateModified\":\"2021-09-06T10:57:50+00:00\",\"breadcrumb\":{\"@id\":\"https:\/\/www.magnanipescia.it\/resi\/#breadcrumb\"},\"inLanguage\":\"en-US\",\"potentialAction\":[{\"@type\":\"ReadAction\",\"target\":[\"https:\/\/www.magnanipescia.it\/resi\/\"]}]},{\"@type\":\"BreadcrumbList\",\"@id\":\"https:\/\/www.magnanipescia.it\/resi\/#breadcrumb\",\"itemListElement\":[{\"@type\":\"ListItem\",\"position\":1,\"name\":\"Home\",\"item\":\"https:\/\/www.magnanipescia.it\/en\/\"},{\"@type\":\"ListItem\",\"position\":2,\"name\":\"Returns\"}]},{\"@type\":\"WebSite\",\"@id\":\"https:\/\/www.magnanipescia.it\/#website\",\"url\":\"https:\/\/www.magnanipescia.it\/\",\"name\":\"Enrico Magnani Pescia\",\"description\":\"La carta fatta a mano in Italia dal 1481\",\"publisher\":{\"@id\":\"https:\/\/www.magnanipescia.it\/#organization\"},\"potentialAction\":[{\"@type\":\"SearchAction\",\"target\":{\"@type\":\"EntryPoint\",\"urlTemplate\":\"https:\/\/www.magnanipescia.it\/?s={search_term_string}\"},\"query-input\":{\"@type\":\"PropertyValueSpecification\",\"valueRequired\":true,\"valueName\":\"search_term_string\"}}],\"inLanguage\":\"en-US\"},{\"@type\":\"Organization\",\"@id\":\"https:\/\/www.magnanipescia.it\/#organization\",\"name\":\"Enrico Magnani Pescia\",\"url\":\"https:\/\/www.magnanipescia.it\/\",\"logo\":{\"@type\":\"ImageObject\",\"inLanguage\":\"en-US\",\"@id\":\"https:\/\/www.magnanipescia.it\/#\/schema\/logo\/image\/\",\"url\":\"https:\/\/www.magnanipescia.it\/wp-content\/uploads\/2021\/07\/logo-magnani-pescia.jpg\",\"contentUrl\":\"https:\/\/www.magnanipescia.it\/wp-content\/uploads\/2021\/07\/logo-magnani-pescia.jpg\",\"width\":180,\"height\":78,\"caption\":\"Enrico Magnani Pescia\"},\"image\":{\"@id\":\"https:\/\/www.magnanipescia.it\/#\/schema\/logo\/image\/\"}}]}<\/script>\n<!-- \/ Yoast SEO plugin. -->","yoast_head_json":{"title":"Returns - Enrico Magnani Pescia","robots":{"index":"index","follow":"follow","max-snippet":"max-snippet:-1","max-image-preview":"max-image-preview:large","max-video-preview":"max-video-preview:-1"},"canonical":"https:\/\/www.magnanipescia.it\/resi\/","og_locale":"en_US","og_type":"article","og_title":"Returns - Enrico Magnani Pescia","og_description":"Il Cliente pu\u00f2 recedere dal Contratto concluso ed eseguito ai sensi delle presenti Condizioni, senza alcuna penalit\u00e0 e senza specificarne [&hellip;]","og_url":"https:\/\/www.magnanipescia.it\/resi\/","og_site_name":"Enrico Magnani Pescia","article_modified_time":"2021-09-06T10:57:50+00:00","twitter_card":"summary_large_image","twitter_misc":{"Est. reading time":"3 minutes"},"schema":{"@context":"https:\/\/schema.org","@graph":[{"@type":"WebPage","@id":"https:\/\/www.magnanipescia.it\/resi\/","url":"https:\/\/www.magnanipescia.it\/resi\/","name":"Returns - Enrico Magnani Pescia","isPartOf":{"@id":"https:\/\/www.magnanipescia.it\/#website"},"datePublished":"2021-09-06T09:24:52+00:00","dateModified":"2021-09-06T10:57:50+00:00","breadcrumb":{"@id":"https:\/\/www.magnanipescia.it\/resi\/#breadcrumb"},"inLanguage":"en-US","potentialAction":[{"@type":"ReadAction","target":["https:\/\/www.magnanipescia.it\/resi\/"]}]},{"@type":"BreadcrumbList","@id":"https:\/\/www.magnanipescia.it\/resi\/#breadcrumb","itemListElement":[{"@type":"ListItem","position":1,"name":"Home","item":"https:\/\/www.magnanipescia.it\/en\/"},{"@type":"ListItem","position":2,"name":"Returns"}]},{"@type":"WebSite","@id":"https:\/\/www.magnanipescia.it\/#website","url":"https:\/\/www.magnanipescia.it\/","name":"Enrico Magnani Pescia","description":"La carta fatta a mano in Italia dal 1481","publisher":{"@id":"https:\/\/www.magnanipescia.it\/#organization"},"potentialAction":[{"@type":"SearchAction","target":{"@type":"EntryPoint","urlTemplate":"https:\/\/www.magnanipescia.it\/?s={search_term_string}"},"query-input":{"@type":"PropertyValueSpecification","valueRequired":true,"valueName":"search_term_string"}}],"inLanguage":"en-US"},{"@type":"Organization","@id":"https:\/\/www.magnanipescia.it\/#organization","name":"Enrico Magnani Pescia","url":"https:\/\/www.magnanipescia.it\/","logo":{"@type":"ImageObject","inLanguage":"en-US","@id":"https:\/\/www.magnanipescia.it\/#\/schema\/logo\/image\/","url":"https:\/\/www.magnanipescia.it\/wp-content\/uploads\/2021\/07\/logo-magnani-pescia.jpg","contentUrl":"https:\/\/www.magnanipescia.it\/wp-content\/uploads\/2021\/07\/logo-magnani-pescia.jpg","width":180,"height":78,"caption":"Enrico Magnani Pescia"},"image":{"@id":"https:\/\/www.magnanipescia.it\/#\/schema\/logo\/image\/"}}]}},"_links":{"self":[{"href":"https:\/\/www.magnanipescia.it\/en\/wp-json\/wp\/v2\/pages\/89186","targetHints":{"allow":["GET"]}}],"collection":[{"href":"https:\/\/www.magnanipescia.it\/en\/wp-json\/wp\/v2\/pages"}],"about":[{"href":"https:\/\/www.magnanipescia.it\/en\/wp-json\/wp\/v2\/types\/page"}],"author":[{"embeddable":true,"href":"https:\/\/www.magnanipescia.it\/en\/wp-json\/wp\/v2\/users\/1"}],"replies":[{"embeddable":true,"href":"https:\/\/www.magnanipescia.it\/en\/wp-json\/wp\/v2\/comments?post=89186"}],"version-history":[{"count":1,"href":"https:\/\/www.magnanipescia.it\/en\/wp-json\/wp\/v2\/pages\/89186\/revisions"}],"predecessor-version":[{"id":89207,"href":"https:\/\/www.magnanipescia.it\/en\/wp-json\/wp\/v2\/pages\/89186\/revisions\/89207"}],"wp:attachment":[{"href":"https:\/\/www.magnanipescia.it\/en\/wp-json\/wp\/v2\/media?parent=89186"}],"curies":[{"name":"wp","href":"https:\/\/api.w.org\/{rel}","templated":true}]}}